{"id":987874,"date":"2026-04-07T21:04:16","date_gmt":"2026-04-07T21:04:16","guid":{"rendered":"https:\/\/www.karlidagmusavirlik.com\/?page_id=987874"},"modified":"2026-04-07T22:08:19","modified_gmt":"2026-04-07T22:08:19","slug":"pratik-bilgiler","status":"publish","type":"page","link":"https:\/\/www.karlidagmusavirlik.com\/index.php\/pratik-bilgiler\/","title":{"rendered":"Pratik Bilgiler"},"content":{"rendered":"\t\t<div data-elementor-type=\"wp-page\" data-elementor-id=\"987874\" class=\"elementor elementor-987874\" data-elementor-post-type=\"page\">\n\t\t\t\t<div class=\"elementor-element elementor-element-ad3c9ff e-flex e-con-boxed e-con e-parent\" data-id=\"ad3c9ff\" data-element_type=\"container\" data-e-type=\"container\">\n\t\t\t\t\t<div class=\"e-con-inner\">\n\t\t<div class=\"elementor-element elementor-element-43b808e e-con-full e-flex e-con e-child\" data-id=\"43b808e\" data-element_type=\"container\" data-e-type=\"container\">\n\t\t\t\t<div class=\"elementor-element elementor-element-d063316 elementor-widget elementor-widget-shortcode\" data-id=\"d063316\" data-element_type=\"widget\" data-e-type=\"widget\" data-widget_type=\"shortcode.default\">\n\t\t\t\t<div class=\"elementor-widget-container\">\n\t\t\t\t\t\t\t<div class=\"elementor-shortcode\"><div class=\"cw-abm-wrapper\"><button class=\"cw-abm-mobile-trigger\" type=\"button\" aria-expanded=\"false\"><span class=\"cw-abm-mobile-trigger-text\">Alfabetik Men\u00fc<\/span><span class=\"cw-abm-mobile-trigger-icon\"><\/span><\/button><div class=\"cw-abm-inner\"><div class=\"cw-abm-title\">Alfabetik Men\u00fc<\/div><ul class=\"cw-abm-menu cw-abm-menu-root\"><li class=\"cw-abm-item\"><a class=\"cw-abm-link\" href=\"https:\/\/www.adalet.gov.tr\/\">Adalet Bakanl\u0131\u011f\u0131<\/a><\/li><li class=\"cw-abm-item\"><a class=\"cw-abm-link\" href=\"https:\/\/www.karlidagmusavirlik.com\/index.php\/2026\/03\/28\/evrak-ve-kayit-duzeni\/\">Evrak ve Kay\u0131t D\u00fczeni<\/a><\/li><li class=\"cw-abm-item\"><a class=\"cw-abm-link\" href=\"https:\/\/www.karlidagmusavirlik.com\/index.php\/hizmetlerimiz\/\">Hizmetlerimiz<\/a><\/li><li class=\"cw-abm-item\"><a class=\"cw-abm-link\" href=\"https:\/\/www.karlidagmusavirlik.com\/index.php\/iletisim-formu\/\">\u0130leti\u015fim Formu<\/a><\/li><li class=\"cw-abm-item\"><a class=\"cw-abm-link\" href=\"https:\/\/www.karlidagmusavirlik.com\/index.php\/insan-kaynaklari-formu\/\">\u0130nsan Kaynaklar\u0131 Formu<\/a><\/li><li class=\"cw-abm-item\"><a class=\"cw-abm-link\" href=\"https:\/\/www.karlidagmusavirlik.com\/index.php\/2026\/03\/28\/sirket-turunun-dogru-belirlenmesi\/\">\u015eirket T\u00fcr\u00fcn\u00fcn Do\u011fru Belirlenmesi<\/a><\/li><li class=\"cw-abm-item\"><a class=\"cw-abm-link\" href=\"https:\/\/www.karlidagmusavirlik.com\/index.php\/2026\/03\/28\/vergi-dairesi-ve-yoklama-sureci\/\">Vergi Dairesi ve Yoklama S\u00fcreci<\/a><\/li><\/ul><\/div><\/div><\/div>\n\t\t\t\t\t\t<\/div>\n\t\t\t\t<\/div>\n\t\t\t\t<\/div>\n\t\t<div class=\"elementor-element elementor-element-99c5bf2 e-con-full e-flex e-con e-child\" data-id=\"99c5bf2\" data-element_type=\"container\" data-e-type=\"container\" data-settings=\"{&quot;background_background&quot;:&quot;gradient&quot;}\">\n\t\t\t\t<div class=\"elementor-element elementor-element-19f704c elementor-widget elementor-widget-shortcode\" data-id=\"19f704c\" data-element_type=\"widget\" data-e-type=\"widget\" data-widget_type=\"shortcode.default\">\n\t\t\t\t<div class=\"elementor-widget-container\">\n\t\t\t\t\t\t\t<div class=\"elementor-shortcode\">        <style>\n        .cayli-pb-wrap{\n            width:100% !important;\n            max-width:100% !important;\n            min-width:0 !important;\n            margin:0 !important;\n            padding:0 !important;\n            display:block !important;\n            position:relative !important;\n            background:transparent !important;\n            border:none !important;\n            box-shadow:none !important;\n            text-align:left !important;\n            float:none !important;\n            clear:both !important;\n        }\n        .cayli-pb-wrap,\n        .cayli-pb-wrap *{\n            box-sizing:border-box !important;\n        }\n        .cayli-pb-toolbar,\n        .cayli-pb-stage,\n        .cayli-pb-list-shell,\n        .cayli-pb-view-shell,\n        .cayli-pb-list,\n        .cayli-pb-item,\n        .cayli-pb-link,\n        .cayli-pb-iframe,\n        .cayli-pb-viewer-title{\n            width:100% !important;\n            max-width:100% !important;\n            min-width:0 !important;\n            margin-left:0 !important;\n            margin-right:0 !important;\n            text-align:left !important;\n        }\n        .cayli-pb-toolbar{\n            display:block !important;\n            margin:0 0 16px 0 !important;\n            padding:0 !important;\n            background:transparent !important;\n            border:none !important;\n            box-shadow:none !important;\n        }\n        .cayli-pb-back{\n            display:none !important;\n            align-items:center !important;\n            gap:8px !important;\n            width:auto !important;\n            max-width:100% !important;\n            margin:0 !important;\n            padding:10px 14px !important;\n            background:#111 !important;\n            color:#fff !important;\n            border:none !important;\n            border-radius:0 !important;\n            box-shadow:none !important;\n            text-decoration:none !important;\n            cursor:pointer !important;\n            font-size:14px !important;\n            line-height:1 !important;\n            font-weight:500 !important;\n        }\n        .cayli-pb-back.is-visible{\n            display:inline-flex !important;\n        }\n        .cayli-pb-back:hover,\n        .cayli-pb-back:focus,\n        .cayli-pb-back:active{\n            background:#000 !important;\n            color:#fff !important;\n            text-decoration:none !important;\n            border:none !important;\n            box-shadow:none !important;\n            outline:none !important;\n        }\n        .cayli-pb-back svg{\n            width:16px !important;\n            height:16px !important;\n            display:block !important;\n            flex:0 0 16px !important;\n        }\n        .cayli-pb-stage{\n            display:block !important;\n            margin:0 !important;\n            padding:0 !important;\n            background:transparent !important;\n            border:none !important;\n            box-shadow:none !important;\n        }\n        .cayli-pb-list-shell,\n        .cayli-pb-view-shell{\n            display:block !important;\n            margin:0 !important;\n            padding:0 !important;\n            background:transparent !important;\n            border:none !important;\n            box-shadow:none !important;\n        }\n        .cayli-pb-list{\n            list-style:none !important;\n            margin:0 !important;\n            padding:0 !important;\n            background:transparent !important;\n        }\n        .cayli-pb-item{\n            list-style:none !important;\n            margin:0 !important;\n            padding:0 !important;\n            background:transparent !important;\n        }\n        .cayli-pb-link{\n            display:block !important;\n            background:transparent !important;\n            border:none !important;\n            box-shadow:none !important;\n            outline:none !important;\n            border-radius:0 !important;\n            padding:0 0 14px 0 !important;\n            margin:0 !important;\n            color:#3a3a3a !important;\n            font-size:16px !important;\n            line-height:1.45 !important;\n            font-weight:400 !important;\n            font-family:Arial, Helvetica, sans-serif !important;\n            text-decoration:none !important;\n            cursor:pointer !important;\n            white-space:normal !important;\n            word-break:break-word !important;\n            text-align:left !important;\n        }\n        .cayli-pb-link:hover,\n        .cayli-pb-link:focus,\n        .cayli-pb-link:active{\n            color:#222 !important;\n            background:transparent !important;\n            border:none !important;\n            box-shadow:none !important;\n            outline:none !important;\n            text-decoration:underline !important;\n        }\n        .cayli-pb-view-shell{\n            display:block !important;\n        }\n        .cayli-pb-viewer-title{\n            display:block !important;\n            margin:0 0 16px 0 !important;\n            padding:0 !important;\n            font-size:20px !important;\n            line-height:1.35 !important;\n            font-weight:600 !important;\n            color:#111 !important;\n            background:transparent !important;\n            border:none !important;\n            box-shadow:none !important;\n        }\n        .cayli-pb-iframe{\n            display:block !important;\n            width:100% !important;\n            max-width:100% !important;\n            min-height:720px !important;\n            margin:0 !important;\n            padding:0 !important;\n            background:transparent !important;\n            border:none !important;\n            border-radius:0 !important;\n            box-shadow:none !important;\n            overflow:auto !important;\n        }\n        .cayli-pb-loading{\n            opacity:.7 !important;\n            pointer-events:none !important;\n        }\n        @media (max-width: 767px){\n            .cayli-pb-link{font-size:15px !important;padding:0 0 13px 0 !important;}\n            .cayli-pb-iframe{min-height:520px !important;}\n        }\n        <\/style>\n        <script>\n        (function(){\n            function buildViewerHTML(titleText) {\n                return '' +\n                    '<div class=\"cayli-pb-view-shell\">' +\n                        '<h3 class=\"cayli-pb-viewer-title\">' + titleText + '<\/h3>' +\n                        '<iframe class=\"cayli-pb-iframe\" title=\"Pratik Bilgi \u0130\u00e7eri\u011fi\" loading=\"lazy\"><\/iframe>' +\n                    '<\/div>';\n            }\n\n            function escapeHtml(text) {\n                var div = document.createElement('div');\n                div.textContent = text || '';\n                return div.innerHTML;\n            }\n\n            document.addEventListener('click', function(e){\n                var contentBtn = e.target.closest('.cayli-pb-link--content');\n                if (contentBtn) {\n                    e.preventDefault();\n\n                    var wrap = contentBtn.closest('.cayli-pb-wrap');\n                    if (!wrap) return;\n\n                    var stage = wrap.querySelector('.cayli-pb-stage');\n                    var backBtn = wrap.querySelector('.cayli-pb-back');\n                    var postId = contentBtn.getAttribute('data-post-id');\n                    var ajaxUrl = wrap.getAttribute('data-ajaxurl');\n                    var nonce = wrap.getAttribute('data-nonce');\n                    var clickedTitle = contentBtn.textContent || '';\n\n                    if (!stage || !postId || !ajaxUrl || !nonce) return;\n\n                    wrap.classList.add('cayli-pb-loading');\n                    stage.innerHTML = buildViewerHTML(escapeHtml(clickedTitle));\n                    if (backBtn) backBtn.classList.add('is-visible');\n\n                    var body = new URLSearchParams();\n                    body.append('action', 'cayli_pratik_bilgi_get_content');\n                    body.append('nonce', nonce);\n                    body.append('post_id', postId);\n\n                    fetch(ajaxUrl, {\n                        method: 'POST',\n                        headers: {\n                            'Content-Type': 'application\/x-www-form-urlencoded; charset=UTF-8'\n                        },\n                        body: body.toString(),\n                        credentials: 'same-origin'\n                    })\n                    .then(function(res){ return res.json(); })\n                    .then(function(response){\n                        if (!response || !response.success || !response.data) {\n                            throw new Error('\u0130\u00e7erik y\u00fcklenemedi.');\n                        }\n\n                        var title = stage.querySelector('.cayli-pb-viewer-title');\n                        var iframe = stage.querySelector('.cayli-pb-iframe');\n\n                        if (title) {\n                            title.textContent = response.data.title || clickedTitle;\n                        }\n\n                        if (iframe) {\n                            if ('srcdoc' in iframe) {\n                                iframe.srcdoc = response.data.html_doc || '';\n                            } else {\n                                iframe.setAttribute('src', 'about:blank');\n                                var doc = iframe.contentWindow.document;\n                                doc.open();\n                                doc.write(response.data.html_doc || '');\n                                doc.close();\n                            }\n                        }\n                    })\n                    .catch(function(){\n                        if (backBtn) backBtn.classList.remove('is-visible');\n                        var template = wrap.querySelector('.cayli-pb-template-list');\n                        stage.innerHTML = template ? template.innerHTML : '';\n                        alert('\u0130\u00e7erik y\u00fcklenirken hata olu\u015ftu.');\n                    })\n                    .finally(function(){\n                        wrap.classList.remove('cayli-pb-loading');\n                    });\n\n                    return;\n                }\n\n                var backBtn = e.target.closest('.cayli-pb-back');\n                if (backBtn) {\n                    e.preventDefault();\n                    var wrap = backBtn.closest('.cayli-pb-wrap');\n                    if (!wrap) return;\n\n                    var stage = wrap.querySelector('.cayli-pb-stage');\n                    var template = wrap.querySelector('.cayli-pb-template-list');\n                    if (!stage || !template) return;\n\n                    stage.innerHTML = template.innerHTML;\n                    backBtn.classList.remove('is-visible');\n                }\n            }, false);\n        })();\n        <\/script>\n        \n    <div class=\"cayli-pb-wrap\" data-ajaxurl=\"https:\/\/www.karlidagmusavirlik.com\/wp-admin\/admin-ajax.php\" data-nonce=\"149a9e63fa\">\n        <div class=\"cayli-pb-toolbar\">\n            <button type=\"button\" class=\"cayli-pb-back\" aria-label=\"Geri\">\n                <svg viewBox=\"0 0 24 24\" fill=\"none\" aria-hidden=\"true\">\n                    <path d=\"M15 6L9 12L15 18\" stroke=\"currentColor\" stroke-width=\"2\" stroke-linecap=\"round\" stroke-linejoin=\"round\"><\/path>\n                <\/svg>\n                <span>Geri<\/span>\n            <\/button>\n        <\/div>\n\n        <template class=\"cayli-pb-template-list\"><ul class=\"cayli-pb-list\"><li class=\"cayli-pb-item\"><button type=\"button\" class=\"cayli-pb-link cayli-pb-link--content\" data-post-id=\"987884\">Alacak ve bor\u00e7 ayn\u0131 \u015fey de\u011fildir<\/button><\/li><li class=\"cayli-pb-item\"><button type=\"button\" class=\"cayli-pb-link cayli-pb-link--content\" data-post-id=\"987896\">Deneme Bilgi<\/button><\/li><li class=\"cayli-pb-item\"><a class=\"cayli-pb-link cayli-pb-link--external\" href=\"https:\/\/dijital.gib.gov.tr\/\">Dijital Vergi Dairesi<\/a><\/li><li class=\"cayli-pb-item\"><a class=\"cayli-pb-link cayli-pb-link--external\" href=\"https:\/\/www.turkiye.gov.tr\/\">e-Devlet<\/a><\/li><li class=\"cayli-pb-item\"><button type=\"button\" class=\"cayli-pb-link cayli-pb-link--content\" data-post-id=\"987879\">Fatura ile fi\u015f ayn\u0131 \u015fey de\u011fildir<\/button><\/li><li class=\"cayli-pb-item\"><button type=\"button\" class=\"cayli-pb-link cayli-pb-link--content\" data-post-id=\"987880\">Gelir ile k\u00e2r farkl\u0131 kavramlard\u0131r<\/button><\/li><li class=\"cayli-pb-item\"><button type=\"button\" class=\"cayli-pb-link cayli-pb-link--content\" data-post-id=\"987882\">Gider yaz\u0131labilmesi i\u00e7in belge gerekir<\/button><\/li><li class=\"cayli-pb-item\"><a class=\"cayli-pb-link cayli-pb-link--external\" href=\"https:\/\/www.google.com\">Google Deneme Link Verme<\/a><\/li><li class=\"cayli-pb-item\"><button type=\"button\" class=\"cayli-pb-link cayli-pb-link--content\" data-post-id=\"987883\">KDV her tahsil edilen para de\u011fildir<\/button><\/li><li class=\"cayli-pb-item\"><button type=\"button\" class=\"cayli-pb-link cayli-pb-link--content\" data-post-id=\"987881\">Tahsil edilmemi\u015f para gelir kayd\u0131 olabilir<\/button><\/li><\/ul><\/template>\n\n        <div class=\"cayli-pb-stage\">\n            <ul class=\"cayli-pb-list\"><li class=\"cayli-pb-item\"><button type=\"button\" class=\"cayli-pb-link cayli-pb-link--content\" data-post-id=\"987884\">Alacak ve bor\u00e7 ayn\u0131 \u015fey de\u011fildir<\/button><\/li><li class=\"cayli-pb-item\"><button type=\"button\" class=\"cayli-pb-link cayli-pb-link--content\" data-post-id=\"987896\">Deneme Bilgi<\/button><\/li><li class=\"cayli-pb-item\"><a class=\"cayli-pb-link cayli-pb-link--external\" href=\"https:\/\/dijital.gib.gov.tr\/\">Dijital Vergi Dairesi<\/a><\/li><li class=\"cayli-pb-item\"><a class=\"cayli-pb-link cayli-pb-link--external\" href=\"https:\/\/www.turkiye.gov.tr\/\">e-Devlet<\/a><\/li><li class=\"cayli-pb-item\"><button type=\"button\" class=\"cayli-pb-link cayli-pb-link--content\" data-post-id=\"987879\">Fatura ile fi\u015f ayn\u0131 \u015fey de\u011fildir<\/button><\/li><li class=\"cayli-pb-item\"><button type=\"button\" class=\"cayli-pb-link cayli-pb-link--content\" data-post-id=\"987880\">Gelir ile k\u00e2r farkl\u0131 kavramlard\u0131r<\/button><\/li><li class=\"cayli-pb-item\"><button type=\"button\" class=\"cayli-pb-link cayli-pb-link--content\" data-post-id=\"987882\">Gider yaz\u0131labilmesi i\u00e7in belge gerekir<\/button><\/li><li class=\"cayli-pb-item\"><a class=\"cayli-pb-link cayli-pb-link--external\" href=\"https:\/\/www.google.com\">Google Deneme Link Verme<\/a><\/li><li class=\"cayli-pb-item\"><button type=\"button\" class=\"cayli-pb-link cayli-pb-link--content\" data-post-id=\"987883\">KDV her tahsil edilen para de\u011fildir<\/button><\/li><li class=\"cayli-pb-item\"><button type=\"button\" class=\"cayli-pb-link cayli-pb-link--content\" data-post-id=\"987881\">Tahsil edilmemi\u015f para gelir kayd\u0131 olabilir<\/button><\/li><\/ul>        <\/div>\n    <\/div>\n    <\/div>\n\t\t\t\t\t\t<\/div>\n\t\t\t\t<\/div>\n\t\t\t\t<\/div>\n\t\t\t\t\t<\/div>\n\t\t\t\t<\/div>\n\t\t\t\t<\/div>\n\t\t","protected":false},"excerpt":{"rendered":"<p>Ready to learn more? To receive a complimentary consultation, please complete the form below.<\/p>\n","protected":false},"author":1,"featured_media":0,"parent":0,"menu_order":0,"comment_status":"closed","ping_status":"closed","template":"","meta":{"_acf_changed":false,"footnotes":""},"class_list":["post-987874","page","type-page","status-publish","hentry"],"acf":[],"_links":{"self":[{"href":"https:\/\/www.karlidagmusavirlik.com\/index.php\/wp-json\/wp\/v2\/pages\/987874","targetHints":{"allow":["GET"]}}],"collection":[{"href":"https:\/\/www.karlidagmusavirlik.com\/index.php\/wp-json\/wp\/v2\/pages"}],"about":[{"href":"https:\/\/www.karlidagmusavirlik.com\/index.php\/wp-json\/wp\/v2\/types\/page"}],"author":[{"embeddable":true,"href":"https:\/\/www.karlidagmusavirlik.com\/index.php\/wp-json\/wp\/v2\/users\/1"}],"replies":[{"embeddable":true,"href":"https:\/\/www.karlidagmusavirlik.com\/index.php\/wp-json\/wp\/v2\/comments?post=987874"}],"version-history":[{"count":10,"href":"https:\/\/www.karlidagmusavirlik.com\/index.php\/wp-json\/wp\/v2\/pages\/987874\/revisions"}],"predecessor-version":[{"id":987893,"href":"https:\/\/www.karlidagmusavirlik.com\/index.php\/wp-json\/wp\/v2\/pages\/987874\/revisions\/987893"}],"wp:attachment":[{"href":"https:\/\/www.karlidagmusavirlik.com\/index.php\/wp-json\/wp\/v2\/media?parent=987874"}],"curies":[{"name":"wp","href":"https:\/\/api.w.org\/{rel}","templated":true}]}}