{"id":1092,"date":"2025-02-19T13:37:15","date_gmt":"2025-02-19T13:37:15","guid":{"rendered":"https:\/\/finovate.vamtam.com\/?page_id=1092"},"modified":"2026-03-28T10:22:50","modified_gmt":"2026-03-28T10:22:50","slug":"kurumsal","status":"publish","type":"page","link":"https:\/\/www.karlidagmusavirlik.com\/index.php\/kurumsal\/","title":{"rendered":"Kurumsal"},"content":{"rendered":"\t\t<div data-elementor-type=\"wp-page\" data-elementor-id=\"1092\" class=\"elementor elementor-1092\" data-elementor-post-type=\"page\">\n\t\t\t\t<div class=\"elementor-element elementor-element-c1e8912 e-flex e-con-boxed e-con e-parent\" data-id=\"c1e8912\" data-element_type=\"container\" data-e-type=\"container\">\n\t\t\t\t\t<div class=\"e-con-inner\">\n\t\t\t\t<div class=\"elementor-element elementor-element-7bff451 elementor-widget elementor-widget-heading\" data-id=\"7bff451\" data-element_type=\"widget\" data-e-type=\"widget\" data-widget_type=\"heading.default\">\n\t\t\t\t<div class=\"elementor-widget-container\">\n\t\t\t\t\t<h3 class=\"elementor-heading-title elementor-size-default\">Kurumsal<\/h3>\t\t\t\t<\/div>\n\t\t\t\t<\/div>\n\t\t\t\t<div class=\"vamtam-has-theme-widget-styles elementor-element elementor-element-e10cf8e elementor-widget elementor-widget-text-editor\" data-id=\"e10cf8e\" data-element_type=\"widget\" data-e-type=\"widget\" data-widget_type=\"text-editor.default\">\n\t\t\t\t<div class=\"elementor-widget-container\">\n\t\t\t\t\t\t\t\t\t<p data-start=\"173\" data-end=\"377\">SMMM \u00d6zlem Karl\u0131da\u011f Mali M\u00fc\u015favirlik Ofisi olarak, \u0130stanbul Sancaktepe\u2019de faaliyet g\u00f6stermekte; i\u015fletmelere muhasebe, vergi ve mali dan\u0131\u015fmanl\u0131k alanlar\u0131nda g\u00fcvenilir ve s\u00fcrd\u00fcr\u00fclebilir \u00e7\u00f6z\u00fcmler sunmaktay\u0131z.<\/p><p data-start=\"379\" data-end=\"685\">G\u00fcncel mevzuata h\u00e2kim, s\u00fcrekli geli\u015fimi benimseyen ve \u00e7\u00f6z\u00fcm odakl\u0131 yakla\u015f\u0131m\u0131m\u0131zla; farkl\u0131 \u00f6l\u00e7eklerdeki i\u015fletmelerin mali s\u00fcre\u00e7lerini do\u011fru, d\u00fczenli ve \u015feffaf bir \u015fekilde y\u00f6netmelerine destek oluyoruz. Hizmet anlay\u0131\u015f\u0131m\u0131z\u0131n temelinde; g\u00fcven, eri\u015filebilirlik ve zaman\u0131nda \u00e7\u00f6z\u00fcm \u00fcretme prensibi yer almaktad\u0131r.<\/p><p data-start=\"687\" data-end=\"889\">Her m\u00fc\u015fterimizi yaln\u0131zca bir m\u00fckellef olarak de\u011fil, uzun vadeli i\u015f orta\u011f\u0131m\u0131z olarak g\u00f6r\u00fcyor; ihtiya\u00e7lar\u0131na \u00f6zel \u00e7\u00f6z\u00fcmler geli\u015ftirerek mali s\u00fcre\u00e7lerini g\u00fcvenli bir \u015fekilde y\u00f6netmelerine katk\u0131 sa\u011fl\u0131yoruz.<\/p><hr data-start=\"891\" data-end=\"894\" \/><h3 data-section-id=\"pee0ng\" data-start=\"896\" data-end=\"914\"><span role=\"text\"><strong data-start=\"900\" data-end=\"914\">Vizyonumuz<\/strong><\/span><\/h3><p data-start=\"916\" data-end=\"1125\">Muhasebe ve mali dan\u0131\u015fmanl\u0131k alan\u0131nda; g\u00fcvenilirli\u011fi, uzmanl\u0131\u011f\u0131 ve \u00e7\u00f6z\u00fcm odakl\u0131 yakla\u015f\u0131m\u0131 ile \u0130stanbul genelinde tercih edilen, i\u015fletmelerin finansal s\u00fcre\u00e7lerine y\u00f6n veren \u00f6nc\u00fc bir mali m\u00fc\u015favirlik ofisi olmak.<\/p><hr data-start=\"1127\" data-end=\"1130\" \/><h3 data-section-id=\"1h772vy\" data-start=\"1132\" data-end=\"1150\"><span role=\"text\"><strong data-start=\"1136\" data-end=\"1150\">Misyonumuz<\/strong><\/span><\/h3><p data-start=\"1152\" data-end=\"1430\">\u0130\u015fletmelerin mali s\u00fcre\u00e7lerini yaln\u0131zca kay\u0131t alt\u0131na almakla s\u0131n\u0131rl\u0131 kalmay\u0131p; do\u011fru planlama, etkin vergi y\u00f6netimi ve stratejik dan\u0131\u015fmanl\u0131k ile s\u00fcrd\u00fcr\u00fclebilir b\u00fcy\u00fcmelerine katk\u0131 sa\u011flamak. Mevzuata tam uyumlu, \u015feffaf ve d\u00fczenli hizmet anlay\u0131\u015f\u0131 ile g\u00fcvenilir bir mali yap\u0131 sunmak.<\/p><hr data-start=\"1432\" data-end=\"1435\" \/><h3 data-section-id=\"6w71e4\" data-start=\"1437\" data-end=\"1455\"><span role=\"text\"><strong data-start=\"1441\" data-end=\"1455\">Neden Biz?<\/strong><\/span><\/h3><ul data-start=\"1457\" data-end=\"1731\"><li data-section-id=\"y5sv3d\" data-start=\"1457\" data-end=\"1494\">G\u00fcncel mevzuata h\u00e2kim uzman kadro<\/li><li data-section-id=\"1wxwt4i\" data-start=\"1495\" data-end=\"1537\">\u0130\u015fletmeye \u00f6zel analiz ve mali planlama<\/li><li data-section-id=\"sea7c5\" data-start=\"1538\" data-end=\"1588\">Riskleri \u00f6nceden \u00f6ng\u00f6ren dan\u0131\u015fmanl\u0131k yakla\u015f\u0131m\u0131<\/li><li data-section-id=\"rlisol\" data-start=\"1589\" data-end=\"1635\">\u015eeffaf, d\u00fczenli ve sistemli s\u00fcre\u00e7 y\u00f6netimi<\/li><li data-section-id=\"13p5r8n\" data-start=\"1636\" data-end=\"1688\">H\u0131zl\u0131 geri d\u00f6n\u00fc\u015f ve ula\u015f\u0131labilir hizmet anlay\u0131\u015f\u0131<\/li><li data-section-id=\"1ikz4an\" data-start=\"1689\" data-end=\"1731\">G\u00fcven odakl\u0131, uzun vadeli i\u015f ortakl\u0131\u011f\u0131<\/li><\/ul>\t\t\t\t\t\t\t\t<\/div>\n\t\t\t\t<\/div>\n\t\t\t\t\t<\/div>\n\t\t\t\t<\/div>\n\t\t\t\t<\/div>\n\t\t","protected":false},"excerpt":{"rendered":"<p>Kurumsal SMMM \u00d6zlem Karl\u0131da\u011f Mali M\u00fc\u015favirlik Ofisi olarak, \u0130stanbul Sancaktepe\u2019de faaliyet g\u00f6stermekte; i\u015fletmelere muhasebe, vergi ve mali dan\u0131\u015fmanl\u0131k alanlar\u0131nda g\u00fcvenilir ve s\u00fcrd\u00fcr\u00fclebilir \u00e7\u00f6z\u00fcmler sunmaktay\u0131z. G\u00fcncel mevzuata h\u00e2kim, s\u00fcrekli geli\u015fimi benimseyen ve \u00e7\u00f6z\u00fcm odakl\u0131 yakla\u015f\u0131m\u0131m\u0131zla; farkl\u0131 \u00f6l\u00e7eklerdeki i\u015fletmelerin mali s\u00fcre\u00e7lerini do\u011fru, d\u00fczenli ve \u015feffaf bir \u015fekilde y\u00f6netmelerine destek oluyoruz. Hizmet anlay\u0131\u015f\u0131m\u0131z\u0131n temelinde; g\u00fcven, eri\u015filebilirlik ve zaman\u0131nda&#8230;<\/p>\n","protected":false},"author":1,"featured_media":0,"parent":0,"menu_order":0,"comment_status":"closed","ping_status":"closed","template":"","meta":{"_acf_changed":false,"footnotes":""},"class_list":["post-1092","page","type-page","status-publish","hentry"],"acf":[],"_links":{"self":[{"href":"https:\/\/www.karlidagmusavirlik.com\/index.php\/wp-json\/wp\/v2\/pages\/1092","targetHints":{"allow":["GET"]}}],"collection":[{"href":"https:\/\/www.karlidagmusavirlik.com\/index.php\/wp-json\/wp\/v2\/pages"}],"about":[{"href":"https:\/\/www.karlidagmusavirlik.com\/index.php\/wp-json\/wp\/v2\/types\/page"}],"author":[{"embeddable":true,"href":"https:\/\/www.karlidagmusavirlik.com\/index.php\/wp-json\/wp\/v2\/users\/1"}],"replies":[{"embeddable":true,"href":"https:\/\/www.karlidagmusavirlik.com\/index.php\/wp-json\/wp\/v2\/comments?post=1092"}],"version-history":[{"count":4,"href":"https:\/\/www.karlidagmusavirlik.com\/index.php\/wp-json\/wp\/v2\/pages\/1092\/revisions"}],"predecessor-version":[{"id":987697,"href":"https:\/\/www.karlidagmusavirlik.com\/index.php\/wp-json\/wp\/v2\/pages\/1092\/revisions\/987697"}],"wp:attachment":[{"href":"https:\/\/www.karlidagmusavirlik.com\/index.php\/wp-json\/wp\/v2\/media?parent=1092"}],"curies":[{"name":"wp","href":"https:\/\/api.w.org\/{rel}","templated":true}]}}